{"id":818,"date":"2024-06-13T19:37:17","date_gmt":"2024-06-13T19:37:17","guid":{"rendered":"https:\/\/nervous-raman.195-90-212-127.plesk.page\/?page_id=818"},"modified":"2024-06-13T19:37:17","modified_gmt":"2024-06-13T19:37:17","slug":"impressum","status":"publish","type":"page","link":"https:\/\/leosl\u00f6wen.de\/?page_id=818","title":{"rendered":"Impressum"},"content":{"rendered":"\n<h1 class=\"wp-block-heading\">Impressum<\/h1>\n\n\n\n<h2 class=\"wp-block-heading\">ANGABEN GEM\u00c4SS \u00a7 5 TMG<\/h2>\n\n\n\n<p>Leos L\u00f6wen Dartclub<br>Varrentrappstra\u00dfe 25<br>38114 Braunschweig<\/p>\n\n\n\n<h2 class=\"wp-block-heading\">KONTAKT<\/h2>\n\n\n\n<p>Telefon: Auf Anfrage<br>E-Mail: info@leosl\u00f6wen.de<\/p>\n\n\n\n<h2 class=\"wp-block-heading\">REDAKTIONELL VERANTWORTLICH<\/h2>\n\n\n\n<p>Leos L\u00f6wen Dartclub<br>Varrentrappstra\u00dfe 25<br>38114 Braunschweig<\/p>\n\n\n\n<p>Quelle:&nbsp;<a href=\"https:\/\/www.e-recht24.de\/impressum-generator.html\">https:\/\/www.e-recht24.de\/impressum-generator.html<\/a><\/p>\n","protected":false},"excerpt":{"rendered":"<p>Impressum ANGABEN GEM\u00c4SS \u00a7 5 TMG Leos L\u00f6wen DartclubVarrentrappstra\u00dfe 2538114 Braunschweig KONTAKT Telefon: Auf AnfrageE-Mail: info@leosl\u00f6wen.de REDAKTIONELL VERANTWORTLICH Leos L\u00f6wen DartclubVarrentrappstra\u00dfe 2538114 Braunschweig Quelle:&nbsp;https:\/\/www.e-recht24.de\/impressum-generator.html<\/p>\n","protected":false},"author":1,"featured_media":0,"parent":0,"menu_order":0,"comment_status":"closed","ping_status":"closed","template":"","meta":{"ngg_post_thumbnail":0,"footnotes":""},"class_list":["post-818","page","type-page","status-publish","hentry"],"_links":{"self":[{"href":"https:\/\/leosl\u00f6wen.de\/index.php?rest_route=\/wp\/v2\/pages\/818","targetHints":{"allow":["GET"]}}],"collection":[{"href":"https:\/\/leosl\u00f6wen.de\/index.php?rest_route=\/wp\/v2\/pages"}],"about":[{"href":"https:\/\/leosl\u00f6wen.de\/index.php?rest_route=\/wp\/v2\/types\/page"}],"author":[{"embeddable":true,"href":"https:\/\/leosl\u00f6wen.de\/index.php?rest_route=\/wp\/v2\/users\/1"}],"replies":[{"embeddable":true,"href":"https:\/\/leosl\u00f6wen.de\/index.php?rest_route=%2Fwp%2Fv2%2Fcomments&post=818"}],"version-history":[{"count":1,"href":"https:\/\/leosl\u00f6wen.de\/index.php?rest_route=\/wp\/v2\/pages\/818\/revisions"}],"predecessor-version":[{"id":819,"href":"https:\/\/leosl\u00f6wen.de\/index.php?rest_route=\/wp\/v2\/pages\/818\/revisions\/819"}],"wp:attachment":[{"href":"https:\/\/leosl\u00f6wen.de\/index.php?rest_route=%2Fwp%2Fv2%2Fmedia&parent=818"}],"curies":[{"name":"wp","href":"https:\/\/api.w.org\/{rel}","templated":true}]}}